{"id":1496,"date":"2018-05-24T06:01:36","date_gmt":"2018-05-24T05:01:36","guid":{"rendered":"https:\/\/www.borisproduction.com\/?page_id=1496"},"modified":"2018-06-03T06:34:02","modified_gmt":"2018-06-03T05:34:02","slug":"privacy","status":"publish","type":"page","link":"https:\/\/www.borisproduction.com\/en\/privacy\/","title":{"rendered":"Privacy e cookies"},"content":{"rendered":"<p><strong>INFORMAZIONI SUL TRATTAMENTO DEI DATI PERSONALI E UTILIZZO DEI COOKIES<\/strong><\/p>\n<p>ai sensi dell&#8217;articolo 13 del Regolamento (UE) 2016\/679<\/p>\n<p>Le presenti informazioni riguardano esclusivamente il sito www.borisproduction.com e non riguardano altri siti, pagine o servizi online raggiungibili tramite link ipertestuali eventualmente pubblicati nei siti ma riferiti a risorse esterne al predetto dominio.<\/p>\n<p>TITOLARE DEL TRATTAMENTO<\/p>\n<p>Titolare del trattamento \u00e8 Boris Production S.r.l., piazza Valoria, 10\/5, Genova, info@borisproduction.com<\/p>\n<p>BASE GIURIDICA DEL TRATTAMENTO<\/p>\n<p>I dati personali indicati in questa pagina sono trattati dal Boris Production S.r.l. nell&#8217;esecuzione dei rapporti con il visitatore.<\/p>\n<p>TIPI DI DATI TRATTATI E FINALIT\u00c0 DEL TRATTAMENTO<\/p>\n<p>Dati di navigazione<\/p>\n<p>I sistemi informatici e le procedure software preposte al funzionamento di questo sito acquisiscono, nel corso del loro normale esercizio, alcuni dati personali la cui trasmissione \u00e8 implicita nell&#8217;uso dei protocolli di comunicazione di Internet.<\/p>\n<p>In questa categoria di dati rientrano gli indirizzi IP o i nomi a dominio dei computer e dei terminali utilizzati dagli utenti, gli indirizzi in notazione URI\/URL (Uniform Resource Identifier\/Locator) delle risorse richieste, l&#8217;orario della richiesta, il metodo utilizzato nel sottoporre la richiesta al server, la dimensione del file ottenuto in risposta, il codice numerico indicante lo stato della risposta data dal server (buon fine, errore, ecc.) ed altri parametri relativi al sistema operativo e all&#8217;ambiente informatico dell&#8217;utente.<\/p>\n<p>Tali dati, necessari per la fruizione dei servizi web, vengono anche trattati allo scopo di:<\/p>\n<ul>\n<li>ottenere informazioni statistiche sull&#8217;uso dei servizi (pagine pi\u00f9 visitate, numero di visitatori per fascia oraria o giornaliera, aree geografiche di provenienza, ecc.)<\/li>\n<li>controllare il corretto funzionamento dei servizi offerti.<\/li>\n<\/ul>\n<p>I dati di navigazione non persistono per pi\u00f9 di un giorno e vengono cancellati immediatamente dopo la loro eventuale aggregazione (salve eventuali necessit\u00e0 di accertamento di reati da parte dell&#8217;Autorit\u00e0 giudiziaria).<\/p>\n<p>Cookie e altri sistemi di tracciamento<\/p>\n<p>Il sito La Quota Vincente fa uso di cookie, di due tipologie:<\/p>\n<ul>\n<li>Cookie tecnici di prima parte (Boris Production)<\/li>\n<li>Cookie di terze parti (Google Analytics e altri)<\/li>\n<\/ul>\n<p>Tutti i cookie possono essere rimossi secondo le procedure relative ai singoli browser.<\/p>\n<p>DESTINATARI DEI DATI<\/p>\n<p>I dati personali raccolti mediante i servizi telematici sono trattati dal personale di Boris Production S.r.l. che agisce sulla base di specifiche istruzioni fornite in ordine a finalit\u00e0 e modalit\u00e0 del trattamento medesimo.<\/p>\n<p>DIRITTI DEGLI INTERESSATI<\/p>\n<p>Gli interessati hanno il diritto di ottenere da Boris Production S.r.l., nei casi previsti, l&#8217;accesso ai dati personali e la rettifica o la cancellazione degli stessi o la limitazione del trattamento che li riguarda o di opporsi al trattamento (art. 15 e ss. del Regolamento). L&#8217;apposita istanza \u00e8 presentata al Titolare agli indirizzi sopra riportati.<\/p>\n<p>DIRITTO DI RECLAMO<\/p>\n<p>Gli interessati che ritengono che il trattamento dei dati personali a loro riferiti effettuato attraverso questo sito avvenga in violazione di quanto previsto dal Regolamento hanno il diritto di proporre reclamo al Garante, come previsto dall&#8217;art. 77 del Regolamento stesso, o di adire le opportune sedi giudiziarie (art. 79 del Regolamento). Si veda il sito <a href=\"http:\/\/www.garanteprivacy.it\">www.garanteprivacy.it<\/a><\/p>","protected":false},"excerpt":{"rendered":"<p>INFORMAZIONI SUL TRATTAMENTO DEI DATI PERSONALI E UTILIZZO DEI COOKIES ai sensi dell&#8217;articolo 13 del Regolamento (UE) 2016\/679 Le presenti informazioni riguardano esclusivamente il sito www.borisproduction.com e non riguardano altri siti, pagine o servizi online raggiungibili tramite link ipertestuali eventualmente pubblicati nei siti ma riferiti a risorse esterne al predetto dominio. TITOLARE DEL TRATTAMENTO Titolare [&hellip;]<\/p>\n","protected":false},"author":4,"featured_media":0,"parent":0,"menu_order":0,"comment_status":"closed","ping_status":"closed","template":"","meta":{"footnotes":""},"class_list":["post-1496","page","type-page","status-publish","hentry"],"yoast_head":"<!-- This site is optimized with the Yoast SEO plugin v27.5 - https:\/\/yoast.com\/product\/yoast-seo-wordpress\/ -->\n<title>Privacy e cookies - BORIS PRODUCTION<\/title>\n<meta name=\"robots\" content=\"index, follow, max-snippet:-1, max-image-preview:large, max-video-preview:-1\" \/>\n<link rel=\"canonical\" href=\"https:\/\/www.borisproduction.com\/privacy\/\" \/>\n<meta property=\"og:locale\" content=\"en_US\" \/>\n<meta property=\"og:type\" content=\"article\" \/>\n<meta property=\"og:title\" content=\"Privacy e cookies - BORIS PRODUCTION\" \/>\n<meta property=\"og:description\" content=\"INFORMAZIONI SUL TRATTAMENTO DEI DATI PERSONALI E UTILIZZO DEI COOKIES ai sensi dell&#8217;articolo 13 del Regolamento (UE) 2016\/679 Le presenti informazioni riguardano esclusivamente il sito www.borisproduction.com e non riguardano altri siti, pagine o servizi online raggiungibili tramite link ipertestuali eventualmente pubblicati nei siti ma riferiti a risorse esterne al predetto dominio. TITOLARE DEL TRATTAMENTO Titolare [&hellip;]\" \/>\n<meta property=\"og:url\" content=\"https:\/\/www.borisproduction.com\/privacy\/\" \/>\n<meta property=\"og:site_name\" content=\"BORIS PRODUCTION\" \/>\n<meta property=\"article:modified_time\" content=\"2018-06-03T05:34:02+00:00\" \/>\n<meta name=\"twitter:label1\" content=\"Est. reading time\" \/>\n\t<meta name=\"twitter:data1\" content=\"5 minutes\" \/>\n<script type=\"application\/ld+json\" class=\"yoast-schema-graph\">{\"@context\":\"https:\\\/\\\/schema.org\",\"@graph\":[{\"@type\":\"WebPage\",\"@id\":\"https:\\\/\\\/www.borisproduction.com\\\/privacy\\\/\",\"url\":\"https:\\\/\\\/www.borisproduction.com\\\/privacy\\\/\",\"name\":\"Privacy e cookies - BORIS PRODUCTION\",\"isPartOf\":{\"@id\":\"https:\\\/\\\/www.borisproduction.com\\\/en\\\/#website\"},\"datePublished\":\"2018-05-24T05:01:36+00:00\",\"dateModified\":\"2018-06-03T05:34:02+00:00\",\"breadcrumb\":{\"@id\":\"https:\\\/\\\/www.borisproduction.com\\\/privacy\\\/#breadcrumb\"},\"inLanguage\":\"en-US\",\"potentialAction\":[{\"@type\":\"ReadAction\",\"target\":[\"https:\\\/\\\/www.borisproduction.com\\\/privacy\\\/\"]}]},{\"@type\":\"BreadcrumbList\",\"@id\":\"https:\\\/\\\/www.borisproduction.com\\\/privacy\\\/#breadcrumb\",\"itemListElement\":[{\"@type\":\"ListItem\",\"position\":1,\"name\":\"Home\",\"item\":\"https:\\\/\\\/www.borisproduction.com\\\/en\\\/\"},{\"@type\":\"ListItem\",\"position\":2,\"name\":\"Privacy e cookies\"}]},{\"@type\":\"WebSite\",\"@id\":\"https:\\\/\\\/www.borisproduction.com\\\/en\\\/#website\",\"url\":\"https:\\\/\\\/www.borisproduction.com\\\/en\\\/\",\"name\":\"BORIS PRODUCTION\",\"description\":\"Spesso la realt\u00e0 si nasconde dietro ci\u00f2 che non esiste.\",\"potentialAction\":[{\"@type\":\"SearchAction\",\"target\":{\"@type\":\"EntryPoint\",\"urlTemplate\":\"https:\\\/\\\/www.borisproduction.com\\\/en\\\/?s={search_term_string}\"},\"query-input\":{\"@type\":\"PropertyValueSpecification\",\"valueRequired\":true,\"valueName\":\"search_term_string\"}}],\"inLanguage\":\"en-US\"}]}<\/script>\n<!-- \/ Yoast SEO plugin. -->","yoast_head_json":{"title":"Privacy e cookies - BORIS PRODUCTION","robots":{"index":"index","follow":"follow","max-snippet":"max-snippet:-1","max-image-preview":"max-image-preview:large","max-video-preview":"max-video-preview:-1"},"canonical":"https:\/\/www.borisproduction.com\/privacy\/","og_locale":"en_US","og_type":"article","og_title":"Privacy e cookies - BORIS PRODUCTION","og_description":"INFORMAZIONI SUL TRATTAMENTO DEI DATI PERSONALI E UTILIZZO DEI COOKIES ai sensi dell&#8217;articolo 13 del Regolamento (UE) 2016\/679 Le presenti informazioni riguardano esclusivamente il sito www.borisproduction.com e non riguardano altri siti, pagine o servizi online raggiungibili tramite link ipertestuali eventualmente pubblicati nei siti ma riferiti a risorse esterne al predetto dominio. TITOLARE DEL TRATTAMENTO Titolare [&hellip;]","og_url":"https:\/\/www.borisproduction.com\/privacy\/","og_site_name":"BORIS PRODUCTION","article_modified_time":"2018-06-03T05:34:02+00:00","twitter_misc":{"Est. reading time":"5 minutes"},"schema":{"@context":"https:\/\/schema.org","@graph":[{"@type":"WebPage","@id":"https:\/\/www.borisproduction.com\/privacy\/","url":"https:\/\/www.borisproduction.com\/privacy\/","name":"Privacy e cookies - BORIS PRODUCTION","isPartOf":{"@id":"https:\/\/www.borisproduction.com\/en\/#website"},"datePublished":"2018-05-24T05:01:36+00:00","dateModified":"2018-06-03T05:34:02+00:00","breadcrumb":{"@id":"https:\/\/www.borisproduction.com\/privacy\/#breadcrumb"},"inLanguage":"en-US","potentialAction":[{"@type":"ReadAction","target":["https:\/\/www.borisproduction.com\/privacy\/"]}]},{"@type":"BreadcrumbList","@id":"https:\/\/www.borisproduction.com\/privacy\/#breadcrumb","itemListElement":[{"@type":"ListItem","position":1,"name":"Home","item":"https:\/\/www.borisproduction.com\/en\/"},{"@type":"ListItem","position":2,"name":"Privacy e cookies"}]},{"@type":"WebSite","@id":"https:\/\/www.borisproduction.com\/en\/#website","url":"https:\/\/www.borisproduction.com\/en\/","name":"BORIS PRODUCTION","description":"Spesso la realt\u00e0 si nasconde dietro ci\u00f2 che non esiste.","potentialAction":[{"@type":"SearchAction","target":{"@type":"EntryPoint","urlTemplate":"https:\/\/www.borisproduction.com\/en\/?s={search_term_string}"},"query-input":{"@type":"PropertyValueSpecification","valueRequired":true,"valueName":"search_term_string"}}],"inLanguage":"en-US"}]}},"_links":{"self":[{"href":"https:\/\/www.borisproduction.com\/en\/wp-json\/wp\/v2\/pages\/1496","targetHints":{"allow":["GET"]}}],"collection":[{"href":"https:\/\/www.borisproduction.com\/en\/wp-json\/wp\/v2\/pages"}],"about":[{"href":"https:\/\/www.borisproduction.com\/en\/wp-json\/wp\/v2\/types\/page"}],"author":[{"embeddable":true,"href":"https:\/\/www.borisproduction.com\/en\/wp-json\/wp\/v2\/users\/4"}],"replies":[{"embeddable":true,"href":"https:\/\/www.borisproduction.com\/en\/wp-json\/wp\/v2\/comments?post=1496"}],"version-history":[{"count":11,"href":"https:\/\/www.borisproduction.com\/en\/wp-json\/wp\/v2\/pages\/1496\/revisions"}],"predecessor-version":[{"id":1512,"href":"https:\/\/www.borisproduction.com\/en\/wp-json\/wp\/v2\/pages\/1496\/revisions\/1512"}],"wp:attachment":[{"href":"https:\/\/www.borisproduction.com\/en\/wp-json\/wp\/v2\/media?parent=1496"}],"curies":[{"name":"wp","href":"https:\/\/api.w.org\/{rel}","templated":true}]}}