{"id":2,"date":"2015-01-26T16:37:18","date_gmt":"2015-01-26T16:37:18","guid":{"rendered":"http:\/\/5.144.174.2\/web_1\/?page_id=2"},"modified":"2016-03-03T04:13:34","modified_gmt":"2016-03-03T03:13:34","slug":"about","status":"publish","type":"page","link":"https:\/\/www.borisproduction.com\/en\/about\/","title":{"rendered":"About"},"content":{"rendered":"<p>CHI SIAMO: <strong>LA REALTA&#8217;<\/strong><br \/>\nDal 1999 Boris Production rappresenta un concreto e solido punto di riferimento nel mondo della produzione video. La capacit\u00e0 dimostrata nell&#8217;interpretazione, nello sviluppo e nella realizzazione dei prodotti richiesti ha portato Boris Production ad essere ogni giorno apprezzata e ricercata dai principali operatori del mercato comunicativo, pubblicitario e istituzionale.<\/p>\n<p>LA MISSION: <strong>LA FILOSOFIA<\/strong><br \/>\nSoddisfare le esigenze comunicative dei principali protagonisti del mercato pubblicitario \u00e8 l&#8217;obiettivo quotidiano e proporsi sempre in una chiave innovativa, fresca e competitiva \u00e8 la volont\u00e0 perseguita negli anni. Tutto questo ha portato Boris Production ad affrontare con successo sfide di mercato sempre pi\u00f9 impegnative con continua dinamicit\u00e0, elevata competenza ed infinita passione.<\/p>\n<p>PRODOTTI: <strong>LE PROPOSTE<\/strong><br \/>\nPer Boris Production ciascun prodotto diventa come un oggetto unico ed esclusivo, da plasmare, costruire e valorizzare mediante un percorso di creazione che abbraccia ciascuno dei singoli passaggi produttivi che rappresentano ad oggi la reale distinzione del lavoro di elevata qualit\u00e0: casting service, location management, art buying, dressmaking service, make-up &#038; styling, photography, scenography, directoring, video-compositing, sound design, original soundtrack\u2026.<\/p>\n<p>CONTATTI: <strong>GLI INDIRIZZI<\/strong><br \/>\nUffici e Amministrazione:\u00a0 Via Dante 2\/159 16121 Genova<br \/>\nTel 010.585748 Fax 010.5370142<\/p>\n<p>Produzione e Studi: Via Muratori 15 16152 Genova<br \/>\nTel 010.8934304 Mobile 347.7548263<\/p>\n","protected":false},"excerpt":{"rendered":"<p>CHI SIAMO: LA REALTA&#8217; Dal 1999 Boris Production rappresenta un concreto e solido punto di riferimento nel mondo della produzione video. La capacit\u00e0 dimostrata nell&#8217;interpretazione, nello sviluppo e nella realizzazione dei prodotti richiesti ha portato Boris Production ad essere ogni giorno apprezzata e ricercata dai principali operatori del mercato comunicativo, pubblicitario e istituzionale. LA MISSION: [&hellip;]<\/p>\n","protected":false},"author":4,"featured_media":1150,"parent":0,"menu_order":0,"comment_status":"open","ping_status":"open","template":"page-template-full-width.php","meta":{"footnotes":""},"class_list":["post-2","page","type-page","status-publish","has-post-thumbnail","hentry"],"yoast_head":"<!-- This site is optimized with the Yoast SEO plugin v27.4 - https:\/\/yoast.com\/product\/yoast-seo-wordpress\/ -->\n<title>AboutChi siamo - BORIS PRODUCTION<\/title>\n<meta name=\"robots\" content=\"index, follow, max-snippet:-1, max-image-preview:large, max-video-preview:-1\" \/>\n<link rel=\"canonical\" href=\"https:\/\/www.borisproduction.com\/en\/about\/\" \/>\n<meta property=\"og:locale\" content=\"en_US\" \/>\n<meta property=\"og:type\" content=\"article\" \/>\n<meta property=\"og:title\" content=\"AboutChi siamo - BORIS PRODUCTION\" \/>\n<meta property=\"og:description\" content=\"CHI SIAMO: LA REALTA&#8217; Dal 1999 Boris Production rappresenta un concreto e solido punto di riferimento nel mondo della produzione video. La capacit\u00e0 dimostrata nell&#8217;interpretazione, nello sviluppo e nella realizzazione dei prodotti richiesti ha portato Boris Production ad essere ogni giorno apprezzata e ricercata dai principali operatori del mercato comunicativo, pubblicitario e istituzionale. LA MISSION: [&hellip;]\" \/>\n<meta property=\"og:url\" content=\"https:\/\/www.borisproduction.com\/en\/about\/\" \/>\n<meta property=\"og:site_name\" content=\"BORIS PRODUCTION\" \/>\n<meta property=\"article:modified_time\" content=\"2016-03-03T03:13:34+00:00\" \/>\n<meta property=\"og:image\" content=\"https:\/\/www.borisproduction.com\/wp-content\/uploads\/2015\/01\/collage_about960x546_2.jpg\" \/>\n\t<meta property=\"og:image:width\" content=\"2000\" \/>\n\t<meta property=\"og:image:height\" content=\"1138\" \/>\n\t<meta property=\"og:image:type\" content=\"image\/jpeg\" \/>\n<meta name=\"twitter:label1\" content=\"Est. reading time\" \/>\n\t<meta name=\"twitter:data1\" content=\"1 minute\" \/>\n<script type=\"application\/ld+json\" class=\"yoast-schema-graph\">{\"@context\":\"https:\\\/\\\/schema.org\",\"@graph\":[{\"@type\":\"WebPage\",\"@id\":\"https:\\\/\\\/www.borisproduction.com\\\/en\\\/about\\\/\",\"url\":\"https:\\\/\\\/www.borisproduction.com\\\/en\\\/about\\\/\",\"name\":\"AboutChi siamo - BORIS PRODUCTION\",\"isPartOf\":{\"@id\":\"https:\\\/\\\/www.borisproduction.com\\\/en\\\/#website\"},\"primaryImageOfPage\":{\"@id\":\"https:\\\/\\\/www.borisproduction.com\\\/en\\\/about\\\/#primaryimage\"},\"image\":{\"@id\":\"https:\\\/\\\/www.borisproduction.com\\\/en\\\/about\\\/#primaryimage\"},\"thumbnailUrl\":\"https:\\\/\\\/www.borisproduction.com\\\/wp-content\\\/uploads\\\/2015\\\/01\\\/collage_about960x546_2.jpg\",\"datePublished\":\"2015-01-26T16:37:18+00:00\",\"dateModified\":\"2016-03-03T03:13:34+00:00\",\"breadcrumb\":{\"@id\":\"https:\\\/\\\/www.borisproduction.com\\\/en\\\/about\\\/#breadcrumb\"},\"inLanguage\":\"en-US\",\"potentialAction\":[{\"@type\":\"ReadAction\",\"target\":[\"https:\\\/\\\/www.borisproduction.com\\\/en\\\/about\\\/\"]}]},{\"@type\":\"ImageObject\",\"inLanguage\":\"en-US\",\"@id\":\"https:\\\/\\\/www.borisproduction.com\\\/en\\\/about\\\/#primaryimage\",\"url\":\"https:\\\/\\\/www.borisproduction.com\\\/wp-content\\\/uploads\\\/2015\\\/01\\\/collage_about960x546_2.jpg\",\"contentUrl\":\"https:\\\/\\\/www.borisproduction.com\\\/wp-content\\\/uploads\\\/2015\\\/01\\\/collage_about960x546_2.jpg\",\"width\":2000,\"height\":1138},{\"@type\":\"BreadcrumbList\",\"@id\":\"https:\\\/\\\/www.borisproduction.com\\\/en\\\/about\\\/#breadcrumb\",\"itemListElement\":[{\"@type\":\"ListItem\",\"position\":1,\"name\":\"Home\",\"item\":\"https:\\\/\\\/www.borisproduction.com\\\/en\\\/\"},{\"@type\":\"ListItem\",\"position\":2,\"name\":\"About\"}]},{\"@type\":\"WebSite\",\"@id\":\"https:\\\/\\\/www.borisproduction.com\\\/en\\\/#website\",\"url\":\"https:\\\/\\\/www.borisproduction.com\\\/en\\\/\",\"name\":\"BORIS PRODUCTION\",\"description\":\"Spesso la realt\u00e0 si nasconde dietro ci\u00f2 che non esiste.\",\"potentialAction\":[{\"@type\":\"SearchAction\",\"target\":{\"@type\":\"EntryPoint\",\"urlTemplate\":\"https:\\\/\\\/www.borisproduction.com\\\/en\\\/?s={search_term_string}\"},\"query-input\":{\"@type\":\"PropertyValueSpecification\",\"valueRequired\":true,\"valueName\":\"search_term_string\"}}],\"inLanguage\":\"en-US\"}]}<\/script>\n<!-- \/ Yoast SEO plugin. -->","yoast_head_json":{"title":"AboutChi siamo - BORIS PRODUCTION","robots":{"index":"index","follow":"follow","max-snippet":"max-snippet:-1","max-image-preview":"max-image-preview:large","max-video-preview":"max-video-preview:-1"},"canonical":"https:\/\/www.borisproduction.com\/en\/about\/","og_locale":"en_US","og_type":"article","og_title":"AboutChi siamo - BORIS PRODUCTION","og_description":"CHI SIAMO: LA REALTA&#8217; Dal 1999 Boris Production rappresenta un concreto e solido punto di riferimento nel mondo della produzione video. La capacit\u00e0 dimostrata nell&#8217;interpretazione, nello sviluppo e nella realizzazione dei prodotti richiesti ha portato Boris Production ad essere ogni giorno apprezzata e ricercata dai principali operatori del mercato comunicativo, pubblicitario e istituzionale. LA MISSION: [&hellip;]","og_url":"https:\/\/www.borisproduction.com\/en\/about\/","og_site_name":"BORIS PRODUCTION","article_modified_time":"2016-03-03T03:13:34+00:00","og_image":[{"width":2000,"height":1138,"url":"https:\/\/www.borisproduction.com\/wp-content\/uploads\/2015\/01\/collage_about960x546_2.jpg","type":"image\/jpeg"}],"twitter_misc":{"Est. reading time":"1 minute"},"schema":{"@context":"https:\/\/schema.org","@graph":[{"@type":"WebPage","@id":"https:\/\/www.borisproduction.com\/en\/about\/","url":"https:\/\/www.borisproduction.com\/en\/about\/","name":"AboutChi siamo - BORIS PRODUCTION","isPartOf":{"@id":"https:\/\/www.borisproduction.com\/en\/#website"},"primaryImageOfPage":{"@id":"https:\/\/www.borisproduction.com\/en\/about\/#primaryimage"},"image":{"@id":"https:\/\/www.borisproduction.com\/en\/about\/#primaryimage"},"thumbnailUrl":"https:\/\/www.borisproduction.com\/wp-content\/uploads\/2015\/01\/collage_about960x546_2.jpg","datePublished":"2015-01-26T16:37:18+00:00","dateModified":"2016-03-03T03:13:34+00:00","breadcrumb":{"@id":"https:\/\/www.borisproduction.com\/en\/about\/#breadcrumb"},"inLanguage":"en-US","potentialAction":[{"@type":"ReadAction","target":["https:\/\/www.borisproduction.com\/en\/about\/"]}]},{"@type":"ImageObject","inLanguage":"en-US","@id":"https:\/\/www.borisproduction.com\/en\/about\/#primaryimage","url":"https:\/\/www.borisproduction.com\/wp-content\/uploads\/2015\/01\/collage_about960x546_2.jpg","contentUrl":"https:\/\/www.borisproduction.com\/wp-content\/uploads\/2015\/01\/collage_about960x546_2.jpg","width":2000,"height":1138},{"@type":"BreadcrumbList","@id":"https:\/\/www.borisproduction.com\/en\/about\/#breadcrumb","itemListElement":[{"@type":"ListItem","position":1,"name":"Home","item":"https:\/\/www.borisproduction.com\/en\/"},{"@type":"ListItem","position":2,"name":"About"}]},{"@type":"WebSite","@id":"https:\/\/www.borisproduction.com\/en\/#website","url":"https:\/\/www.borisproduction.com\/en\/","name":"BORIS PRODUCTION","description":"Spesso la realt\u00e0 si nasconde dietro ci\u00f2 che non esiste.","potentialAction":[{"@type":"SearchAction","target":{"@type":"EntryPoint","urlTemplate":"https:\/\/www.borisproduction.com\/en\/?s={search_term_string}"},"query-input":{"@type":"PropertyValueSpecification","valueRequired":true,"valueName":"search_term_string"}}],"inLanguage":"en-US"}]}},"_links":{"self":[{"href":"https:\/\/www.borisproduction.com\/en\/wp-json\/wp\/v2\/pages\/2","targetHints":{"allow":["GET"]}}],"collection":[{"href":"https:\/\/www.borisproduction.com\/en\/wp-json\/wp\/v2\/pages"}],"about":[{"href":"https:\/\/www.borisproduction.com\/en\/wp-json\/wp\/v2\/types\/page"}],"author":[{"embeddable":true,"href":"https:\/\/www.borisproduction.com\/en\/wp-json\/wp\/v2\/users\/4"}],"replies":[{"embeddable":true,"href":"https:\/\/www.borisproduction.com\/en\/wp-json\/wp\/v2\/comments?post=2"}],"version-history":[{"count":9,"href":"https:\/\/www.borisproduction.com\/en\/wp-json\/wp\/v2\/pages\/2\/revisions"}],"predecessor-version":[{"id":1228,"href":"https:\/\/www.borisproduction.com\/en\/wp-json\/wp\/v2\/pages\/2\/revisions\/1228"}],"wp:featuredmedia":[{"embeddable":true,"href":"https:\/\/www.borisproduction.com\/en\/wp-json\/wp\/v2\/media\/1150"}],"wp:attachment":[{"href":"https:\/\/www.borisproduction.com\/en\/wp-json\/wp\/v2\/media?parent=2"}],"curies":[{"name":"wp","href":"https:\/\/api.w.org\/{rel}","templated":true}]}}